{"id":123,"date":"2023-05-25T15:25:23","date_gmt":"2023-05-25T18:25:23","guid":{"rendered":"https:\/\/ibiaeon.com.br\/?page_id=123"},"modified":"2023-05-25T15:30:35","modified_gmt":"2023-05-25T18:30:35","slug":"termos-de-uso","status":"publish","type":"page","link":"https:\/\/ibiaeon.com.br\/it\/termos-de-uso\/","title":{"rendered":"Termini di utilizzo"},"content":{"rendered":"<div data-elementor-type=\"wp-page\" data-elementor-id=\"123\" class=\"elementor elementor-123\" data-elementor-post-type=\"page\">\n\t\t\t\t\t\t<section class=\"elementor-section elementor-top-section elementor-element elementor-element-42ce134 elementor-section-boxed elementor-section-height-default elementor-section-height-default\" data-id=\"42ce134\" data-element_type=\"section\">\n\t\t\t\t\t\t<div class=\"elementor-container elementor-column-gap-default\">\n\t\t\t\t\t<div class=\"elementor-column elementor-col-100 elementor-top-column elementor-element elementor-element-043b1a1\" data-id=\"043b1a1\" data-element_type=\"column\">\n\t\t\t<div class=\"elementor-widget-wrap elementor-element-populated\">\n\t\t\t\t\t\t<div class=\"elementor-element elementor-element-464be74 elementor-widget elementor-widget-text-editor\" data-id=\"464be74\" data-element_type=\"widget\" data-widget_type=\"text-editor.default\">\n\t\t\t\t<div class=\"elementor-widget-container\">\n\t\t\t\t\t\t\t\t\t<h3><span style=\"color: inherit; font-family: inherit; font-size: 1.75rem;\">TERMINI DI UTILIZZO \u2014 IBIAEON \u2013 Contabilit\u00e0, Consulenza Patrimoniale, Valutazioni e IT Ltda.<\/span><br><\/h3>\n<p> IBIAEON \u2013 Contabilidade, Consultoria Patrimonial, Avalia\u00e7\u00f5es e Inform\u00e1tica Ltda, persona giuridica privata, descrive, attraverso il presente documento, le regole per l&#039;utilizzo del sito web e di qualsiasi altro sito web, negozio o applicazione gestita dal titolare.<\/p>\n<p>Navigando su questo sito web, consideriamo che accetti i Termini di utilizzo riportati di seguito.<\/p>\n<p>Se non sei d&#039;accordo con i termini del presente contratto, ti chiediamo di non utilizzare pi\u00f9 questo sito web, n\u00e9 tantomeno di registrarti o di inviare i tuoi dati personali.<\/p>\n<p>In caso di modifica delle nostre Condizioni d&#039;Uso, pubblicheremo il nuovo testo su questo sito web con la data di revisione aggiornata. Potremmo modificare il presente documento in qualsiasi momento. In caso di modifiche significative ai termini del presente accordo, potremmo informarvi tramite le informazioni di contatto presenti nel nostro database o tramite notifiche.<\/p>\n<p>L&#039;utilizzo di questo sito web dopo le modifiche implica l&#039;accettazione delle Condizioni d&#039;uso riviste. Se, dopo aver letto la versione rivista, non si \u00e8 d&#039;accordo con i termini, si prega di interrompere l&#039;accesso.<\/p>\n<ul>\n<li>\n<h4>Sezione 1 \u2013 Utente<\/h4>\n<p>L&#039;utilizzo di questo sito web attribuisce automaticamente la condizione di Utente e implica la piena accettazione di tutte le linee guida e condizioni incluse nei presenti Termini.<\/p>\n<\/li>\n<li>\n<h4>Sezione 2 \u2013 Aderenza alla Privacy Policy<\/h4>\n<p>L\u2019utilizzo di questo sito web implica l\u2019adesione alle presenti Condizioni d\u2019Uso e alla versione pi\u00f9 aggiornata della Politica sulla Privacy di IBIAEON \u2013 Contabilidade, Consultoria Patrimonial, Avalia\u00e7\u00f5es e Inform\u00e1tica Ltda.<\/p>\n<\/li>\n<li>\n<h4>Sezione 3 \u2013 Condizioni di accesso<\/h4>\n<p>In generale, l&#039;accesso al sito web di IBIAEON \u2013 Accounting, Asset Consulting, Assessments and IT Ltda \u00e8 gratuito e non richiede alcuna registrazione o abbonamento preventivo.<\/p>\n<p>Tuttavia, per usufruire di alcune funzionalit\u00e0, l&#039;utente potrebbe dover registrarsi, creando un account utente con le proprie credenziali di accesso.<\/p>\n<p>\u00c8 esclusiva responsabilit\u00e0 dell&#039;utente fornire solo informazioni corrette, autentiche, valide, complete e aggiornate e non divulgare a terzi il proprio login e la propria password.<\/p>\n<p>Alcune sezioni di questo sito web offrono agli utenti la possibilit\u00e0 di pubblicare commenti in determinate aree. IBIAEON \u2013 Contabilidade, Consultoria Patrimonial, Avalia\u00e7\u00f5es e Inform\u00e1tica Ltda. non acconsente alla pubblicazione di contenuti discriminatori, offensivi o illegali, o che violino il copyright o altri diritti di terzi.<\/p>\n<p>La pubblicazione di qualsiasi contenuto da parte dell&#039;utente di questo sito web, compresi messaggi e commenti, implica una licenza non esclusiva, irrevocabile e non revocabile per il suo utilizzo, riproduzione e pubblicazione da parte di IBIAEON \u2013 Contabilidade, Consultoria Patrimonial, Avalia\u00e7\u00f5es e Inform\u00e1tica Ltda sul suo sito web, sulle sue piattaforme e applicazioni internet o su altre piattaforme, senza alcuna restrizione o limitazione.<\/p>\n<\/li>\n<li>\n<h4>Sezione 4 \u2013 Cookie<\/h4>\n<p>Le informazioni relative al tuo utilizzo di questo sito web possono essere raccolte tramite cookie. I cookie sono informazioni memorizzate direttamente sul computer che stai utilizzando. I cookie ci consentono di raccogliere informazioni come il tipo di browser, il tempo trascorso sul sito web, le pagine visitate, le preferenze linguistiche e altri dati anonimi sul traffico. Noi e i nostri fornitori di servizi utilizziamo queste informazioni per motivi di sicurezza, per facilitare la navigazione, visualizzare le informazioni in modo pi\u00f9 efficiente e personalizzare la tua esperienza di utilizzo di questo sito web, nonch\u00e9 per il monitoraggio online. Raccogliamo inoltre informazioni statistiche sull&#039;utilizzo del sito web per migliorare continuamente il design e le funzionalit\u00e0, per comprendere come viene utilizzato e per assisterti in caso di problemi rilevanti.<\/p>\n<p>Se non desideri che le tue informazioni vengano raccolte tramite cookie, la maggior parte dei browser offre una semplice procedura che consente di rifiutare automaticamente i cookie o di accettare o rifiutare il trasferimento di uno o pi\u00f9 cookie specifici da un determinato sito web al tuo computer. Tuttavia, ci\u00f2 potrebbe causare inconvenienti durante l&#039;utilizzo del sito web.<\/p>\n<p>Le impostazioni che scegli potrebbero influenzare la tua esperienza di navigazione e le funzionalit\u00e0 che richiedono l&#039;uso dei cookie. Pertanto, decliniamo ogni responsabilit\u00e0 per le conseguenze derivanti dalla funzionalit\u00e0 limitata di questo sito web causata dalla disabilitazione dei cookie sul tuo dispositivo (impossibilit\u00e0 di impostare o leggere un cookie).<\/p>\n<\/li>\n<li>\n<h4>Sezione 5 \u2013 Propriet\u00e0 intellettuale<\/h4>\n<p>Tutti gli elementi di IBIAEON \u2013 Contabilidade, Consultoria Patrimonial, Avalia\u00e7\u00f5es e Inform\u00e1tica Ltda sono propriet\u00e0 intellettuale di IBIAEON o dei suoi concessori di licenza. Le presenti Condizioni e l&#039;utilizzo del sito Web non concedono alcuna licenza o diritto di utilizzo dei diritti di propriet\u00e0 intellettuale di IBIAEON \u2013 Contabilidade, Consultoria Patrimonial, Avalia\u00e7\u00f5es e Inform\u00e1tica Ltda o di terze parti.<\/p>\n<\/li>\n<li>\n<h4>Sezione 6 \u2013 Collegamenti a siti di terze parti<\/h4>\n<p>Questo sito web potrebbe, di tanto in tanto, contenere collegamenti ipertestuali che reindirizzano l&#039;utente a siti web di reti partner, inserzionisti, fornitori, ecc. Se clicca su uno di questi link verso uno qualsiasi di questi siti, si prega di ricordare che ogni sito ha le proprie politiche sulla privacy e che non siamo responsabili di tali politiche. Si prega di leggere attentamente queste politiche prima di inviare Dati Personali a questi siti.<\/p>\n<p>Non siamo responsabili delle politiche e delle pratiche di raccolta, utilizzo e divulgazione (incluse le pratiche di protezione dei dati) di altre organizzazioni, come Facebook, Apple, Google, Microsoft o qualsiasi altro sviluppatore di software o fornitore di app, social media store, sistema operativo, fornitore di servizi Internet wireless o produttore di dispositivi, inclusi i Dati Personali che comunichi ad altre organizzazioni tramite le app, in relazione a tali app o pubblicati sulle nostre pagine social. Ti consigliamo di leggere l&#039;informativa sulla privacy e i termini di utilizzo di ciascun sito web che visiti o di ciascun fornitore di servizi che utilizzi.<\/p>\n<\/li>\n<li>\n<h4>Sezione 7 \u2013 Scadenze e modifiche<\/h4>\n<p>Questo sito web sar\u00e0 attivo a tempo indeterminato.<\/p>\n<p>Il sito web nel suo complesso o in ciascuna delle sue sezioni pu\u00f2 essere terminato, sospeso o interrotto unilateralmente da IBIAEON \u2013 Contabilidade, Consultoria Patrimonial, Avalia\u00e7\u00f5es e Inform\u00e1tica Ltda, in qualsiasi momento e senza preavviso.<\/p>\n<\/li>\n<li>\n<h4>Sezione 8 \u2013 Dati personali<\/h4>\n<p>Utilizzando questo sito web, alcuni dati personali saranno raccolti e trattati da IBIAEON \u2013 Accounting, Asset Consulting, Assessments and IT Ltda e\/o dai suoi Partner. Le regole relative al trattamento dei dati personali da parte di IBIAEON \u2013 Accounting, Asset Consulting, Assessments and IT Ltda sono stabilite nell&#039;Informativa sulla Privacy.<\/p>\n<\/li>\n<li>\n<h4>Sezione 9 \u2013 Contatti<\/h4>\n<p>Per qualsiasi domanda sui Termini di utilizzo, contattaci all&#039;indirizzo vendas@ibiaeon.com.br.<\/p>\n<\/li>\n<\/ul>\t\t\t\t\t\t\t\t<\/div>\n\t\t\t\t<\/div>\n\t\t\t\t\t<\/div>\n\t\t<\/div>\n\t\t\t\t\t<\/div>\n\t\t<\/section>\n\t\t\t\t<\/div>","protected":false},"excerpt":{"rendered":"<p>TERMOS DE USO \u2014 , pessoa jur\u00eddica de direito privado descreve, atrav\u00e9s deste documento, as regras de uso do site&nbsp; e qualquer outro site, loja ou aplicativo operado pelo propriet\u00e1rio. Ao navegar neste website, consideramos que voc\u00ea est\u00e1 de acordo com os Termos de Uso abaixo. Caso voc\u00ea n\u00e3o esteja de acordo com as condi\u00e7\u00f5es [&hellip;]<\/p>","protected":false},"author":1,"featured_media":0,"parent":0,"menu_order":0,"comment_status":"closed","ping_status":"closed","template":"","meta":{"_acf_changed":false,"_joinchat":[],"footnotes":""},"class_list":["post-123","page","type-page","status-publish","hentry"],"acf":[],"yoast_head":"<!-- This site is optimized with the Yoast SEO plugin v24.2 - https:\/\/yoast.com\/wordpress\/plugins\/seo\/ -->\n<title>Termos de uso - IBIAEON - Contabilidade, Consultoria Patrimonial, Avalia\u00e7\u00f5es e Inform\u00e1tica Ltda<\/title>\n<meta name=\"robots\" content=\"index, follow, max-snippet:-1, max-image-preview:large, max-video-preview:-1\" \/>\n<link rel=\"canonical\" href=\"https:\/\/ibiaeon.com.br\/it\/termos-de-uso\/\" \/>\n<meta property=\"og:locale\" content=\"it_IT\" \/>\n<meta property=\"og:type\" content=\"article\" \/>\n<meta property=\"og:title\" content=\"Termos de uso - IBIAEON - Contabilidade, Consultoria Patrimonial, Avalia\u00e7\u00f5es e Inform\u00e1tica Ltda\" \/>\n<meta property=\"og:description\" content=\"TERMOS DE USO \u2014 , pessoa jur\u00eddica de direito privado descreve, atrav\u00e9s deste documento, as regras de uso do site&nbsp; e qualquer outro site, loja ou aplicativo operado pelo propriet\u00e1rio. Ao navegar neste website, consideramos que voc\u00ea est\u00e1 de acordo com os Termos de Uso abaixo. Caso voc\u00ea n\u00e3o esteja de acordo com as condi\u00e7\u00f5es [&hellip;]\" \/>\n<meta property=\"og:url\" content=\"https:\/\/ibiaeon.com.br\/it\/termos-de-uso\/\" \/>\n<meta property=\"og:site_name\" content=\"IBIAEON - Contabilidade, Consultoria Patrimonial, Avalia\u00e7\u00f5es e Inform\u00e1tica Ltda\" \/>\n<meta property=\"article:modified_time\" content=\"2023-05-25T18:30:35+00:00\" \/>\n<meta name=\"twitter:card\" content=\"summary_large_image\" \/>\n<meta name=\"twitter:label1\" content=\"Tempo di lettura stimato\" \/>\n\t<meta name=\"twitter:data1\" content=\"6 minuti\" \/>\n<script type=\"application\/ld+json\" class=\"yoast-schema-graph\">{\"@context\":\"https:\/\/schema.org\",\"@graph\":[{\"@type\":\"WebPage\",\"@id\":\"https:\/\/ibiaeon.com.br\/termos-de-uso\/\",\"url\":\"https:\/\/ibiaeon.com.br\/termos-de-uso\/\",\"name\":\"Termos de uso - IBIAEON - Contabilidade, Consultoria Patrimonial, Avalia\u00e7\u00f5es e Inform\u00e1tica Ltda\",\"isPartOf\":{\"@id\":\"https:\/\/ibiaeon.com.br\/#website\"},\"datePublished\":\"2023-05-25T18:25:23+00:00\",\"dateModified\":\"2023-05-25T18:30:35+00:00\",\"breadcrumb\":{\"@id\":\"https:\/\/ibiaeon.com.br\/termos-de-uso\/#breadcrumb\"},\"inLanguage\":\"it-IT\",\"potentialAction\":[{\"@type\":\"ReadAction\",\"target\":[\"https:\/\/ibiaeon.com.br\/termos-de-uso\/\"]}]},{\"@type\":\"BreadcrumbList\",\"@id\":\"https:\/\/ibiaeon.com.br\/termos-de-uso\/#breadcrumb\",\"itemListElement\":[{\"@type\":\"ListItem\",\"position\":1,\"name\":\"In\u00edcio\",\"item\":\"https:\/\/ibiaeon.com.br\/\"},{\"@type\":\"ListItem\",\"position\":2,\"name\":\"Termos de uso\"}]},{\"@type\":\"WebSite\",\"@id\":\"https:\/\/ibiaeon.com.br\/#website\",\"url\":\"https:\/\/ibiaeon.com.br\/\",\"name\":\"IBIAEON - Contabilidade, Consultoria Patrimonial, Avalia\u00e7\u00f5es e Inform\u00e1tica Ltda\",\"description\":\"A Ibiaeon \u00e9 refer\u00eancia em avalia\u00e7\u00e3o patrimonial, invent\u00e1rio de ativos e consultoria patrimonial especializada, atuando h\u00e1 mais de 20 anos no mercado com uma trajet\u00f3ria s\u00f3lida e reconhecida. Nosso compromisso \u00e9 entregar solu\u00e7\u00f5es de alta qualidade que atendam \u00e0s necessidades de empresas de diferentes setores, sempre com foco em efici\u00eancia, precis\u00e3o e seguran\u00e7a.\",\"publisher\":{\"@id\":\"https:\/\/ibiaeon.com.br\/#organization\"},\"potentialAction\":[{\"@type\":\"SearchAction\",\"target\":{\"@type\":\"EntryPoint\",\"urlTemplate\":\"https:\/\/ibiaeon.com.br\/?s={search_term_string}\"},\"query-input\":{\"@type\":\"PropertyValueSpecification\",\"valueRequired\":true,\"valueName\":\"search_term_string\"}}],\"inLanguage\":\"it-IT\"},{\"@type\":\"Organization\",\"@id\":\"https:\/\/ibiaeon.com.br\/#organization\",\"name\":\"IBIAEON - Contabilidade, Consultoria Patrimonial, Avalia\u00e7\u00f5es e Inform\u00e1tica Ltda\",\"url\":\"https:\/\/ibiaeon.com.br\/\",\"logo\":{\"@type\":\"ImageObject\",\"inLanguage\":\"it-IT\",\"@id\":\"https:\/\/ibiaeon.com.br\/#\/schema\/logo\/image\/\",\"url\":\"https:\/\/ibiaeon.com.br\/wp-content\/uploads\/2023\/05\/Camada_1.png\",\"contentUrl\":\"https:\/\/ibiaeon.com.br\/wp-content\/uploads\/2023\/05\/Camada_1.png\",\"width\":464,\"height\":82,\"caption\":\"IBIAEON - Contabilidade, Consultoria Patrimonial, Avalia\u00e7\u00f5es e Inform\u00e1tica Ltda\"},\"image\":{\"@id\":\"https:\/\/ibiaeon.com.br\/#\/schema\/logo\/image\/\"}}]}<\/script>\n<!-- \/ Yoast SEO plugin. -->","yoast_head_json":{"title":"Termos de uso - IBIAEON - Contabilidade, Consultoria Patrimonial, Avalia\u00e7\u00f5es e Inform\u00e1tica Ltda","robots":{"index":"index","follow":"follow","max-snippet":"max-snippet:-1","max-image-preview":"max-image-preview:large","max-video-preview":"max-video-preview:-1"},"canonical":"https:\/\/ibiaeon.com.br\/it\/termos-de-uso\/","og_locale":"it_IT","og_type":"article","og_title":"Termos de uso - IBIAEON - Contabilidade, Consultoria Patrimonial, Avalia\u00e7\u00f5es e Inform\u00e1tica Ltda","og_description":"TERMOS DE USO \u2014 , pessoa jur\u00eddica de direito privado descreve, atrav\u00e9s deste documento, as regras de uso do site&nbsp; e qualquer outro site, loja ou aplicativo operado pelo propriet\u00e1rio. Ao navegar neste website, consideramos que voc\u00ea est\u00e1 de acordo com os Termos de Uso abaixo. Caso voc\u00ea n\u00e3o esteja de acordo com as condi\u00e7\u00f5es [&hellip;]","og_url":"https:\/\/ibiaeon.com.br\/it\/termos-de-uso\/","og_site_name":"IBIAEON - Contabilidade, Consultoria Patrimonial, Avalia\u00e7\u00f5es e Inform\u00e1tica Ltda","article_modified_time":"2023-05-25T18:30:35+00:00","twitter_card":"summary_large_image","twitter_misc":{"Tempo di lettura stimato":"6 minuti"},"schema":{"@context":"https:\/\/schema.org","@graph":[{"@type":"WebPage","@id":"https:\/\/ibiaeon.com.br\/termos-de-uso\/","url":"https:\/\/ibiaeon.com.br\/termos-de-uso\/","name":"Termos de uso - IBIAEON - Contabilidade, Consultoria Patrimonial, Avalia\u00e7\u00f5es e Inform\u00e1tica Ltda","isPartOf":{"@id":"https:\/\/ibiaeon.com.br\/#website"},"datePublished":"2023-05-25T18:25:23+00:00","dateModified":"2023-05-25T18:30:35+00:00","breadcrumb":{"@id":"https:\/\/ibiaeon.com.br\/termos-de-uso\/#breadcrumb"},"inLanguage":"it-IT","potentialAction":[{"@type":"ReadAction","target":["https:\/\/ibiaeon.com.br\/termos-de-uso\/"]}]},{"@type":"BreadcrumbList","@id":"https:\/\/ibiaeon.com.br\/termos-de-uso\/#breadcrumb","itemListElement":[{"@type":"ListItem","position":1,"name":"In\u00edcio","item":"https:\/\/ibiaeon.com.br\/"},{"@type":"ListItem","position":2,"name":"Termos de uso"}]},{"@type":"WebSite","@id":"https:\/\/ibiaeon.com.br\/#website","url":"https:\/\/ibiaeon.com.br\/","name":"IBIAEON - Contabilidade, Consultoria Patrimonial, Avalia\u00e7\u00f5es e Inform\u00e1tica Ltda","description":"A Ibiaeon \u00e9 refer\u00eancia em avalia\u00e7\u00e3o patrimonial, invent\u00e1rio de ativos e consultoria patrimonial especializada, atuando h\u00e1 mais de 20 anos no mercado com uma trajet\u00f3ria s\u00f3lida e reconhecida. Nosso compromisso \u00e9 entregar solu\u00e7\u00f5es de alta qualidade que atendam \u00e0s necessidades de empresas de diferentes setores, sempre com foco em efici\u00eancia, precis\u00e3o e seguran\u00e7a.","publisher":{"@id":"https:\/\/ibiaeon.com.br\/#organization"},"potentialAction":[{"@type":"SearchAction","target":{"@type":"EntryPoint","urlTemplate":"https:\/\/ibiaeon.com.br\/?s={search_term_string}"},"query-input":{"@type":"PropertyValueSpecification","valueRequired":true,"valueName":"search_term_string"}}],"inLanguage":"it-IT"},{"@type":"Organization","@id":"https:\/\/ibiaeon.com.br\/#organization","name":"IBIAEON - Contabilidade, Consultoria Patrimonial, Avalia\u00e7\u00f5es e Inform\u00e1tica Ltda","url":"https:\/\/ibiaeon.com.br\/","logo":{"@type":"ImageObject","inLanguage":"it-IT","@id":"https:\/\/ibiaeon.com.br\/#\/schema\/logo\/image\/","url":"https:\/\/ibiaeon.com.br\/wp-content\/uploads\/2023\/05\/Camada_1.png","contentUrl":"https:\/\/ibiaeon.com.br\/wp-content\/uploads\/2023\/05\/Camada_1.png","width":464,"height":82,"caption":"IBIAEON - Contabilidade, Consultoria Patrimonial, Avalia\u00e7\u00f5es e Inform\u00e1tica Ltda"},"image":{"@id":"https:\/\/ibiaeon.com.br\/#\/schema\/logo\/image\/"}}]}},"_links":{"self":[{"href":"https:\/\/ibiaeon.com.br\/it\/wp-json\/wp\/v2\/pages\/123","targetHints":{"allow":["GET"]}}],"collection":[{"href":"https:\/\/ibiaeon.com.br\/it\/wp-json\/wp\/v2\/pages"}],"about":[{"href":"https:\/\/ibiaeon.com.br\/it\/wp-json\/wp\/v2\/types\/page"}],"author":[{"embeddable":true,"href":"https:\/\/ibiaeon.com.br\/it\/wp-json\/wp\/v2\/users\/1"}],"replies":[{"embeddable":true,"href":"https:\/\/ibiaeon.com.br\/it\/wp-json\/wp\/v2\/comments?post=123"}],"version-history":[{"count":4,"href":"https:\/\/ibiaeon.com.br\/it\/wp-json\/wp\/v2\/pages\/123\/revisions"}],"predecessor-version":[{"id":131,"href":"https:\/\/ibiaeon.com.br\/it\/wp-json\/wp\/v2\/pages\/123\/revisions\/131"}],"wp:attachment":[{"href":"https:\/\/ibiaeon.com.br\/it\/wp-json\/wp\/v2\/media?parent=123"}],"curies":[{"name":"wp","href":"https:\/\/api.w.org\/{rel}","templated":true}]}}